{"id":27,"date":"2021-01-25T19:28:15","date_gmt":"2021-01-25T19:28:15","guid":{"rendered":"http:\/\/tbmontage.de\/?page_id=27"},"modified":"2024-06-06T12:47:00","modified_gmt":"2024-06-06T12:47:00","slug":"aktivitaeten","status":"publish","type":"page","link":"https:\/\/berghof-alpenblick.de\/?page_id=27","title":{"rendered":"Aktivit\u00e4ten"},"content":{"rendered":"\n<p class=\"has-medium-font-size\"><strong>Unsere Ferienregion hat ganz unterschiedliche Gesichter und somit f\u00fcr jeden etwas zu bieten. Eine gro\u00dfe Palette an Wanderm\u00f6glichkeiten durch ausgedehnte W\u00e4lder, entlang der Iller, am See oder hinauf zu den Gipfeln l\u00e4sst jedem Naturfreund das Herz h\u00f6her schlagen. F\u00fcr eine Radtour empfehlen wir Ihnen den romantischen Radweg direkt an der Iller entlang nach Oberstdorf.<\/strong><\/p>\n\n\n\n<p class=\"has-medium-font-size\"><strong>Zum gelungenen Urlaubsvergn\u00fcgen lockt der Niedersonthofner See mit Surfen, Segeln, Schwimmen oder Angeln.<\/strong><\/p>\n\n\n\n<p class=\"has-medium-font-size\"><strong>Im Winter laden Sie gepflegte Loipen ein. Skilifte f\u00fcr jeden Geschmack finden Sie in unserer unmittelbaren Umgebung.<\/strong><\/p>\n\n\n\n<p class=\"has-medium-font-size\"><strong>Durch unsere zentrale Lage k\u00f6nnen Sie viele interessante Ausflugsziele wie Oberstdorf, das Kleinwalsertal, die K\u00f6nigsschl\u00f6sser, \u00d6sterreich, die Schweiz oder den Bodensee&nbsp; in bequemen Tagesausfl\u00fcgen erreichen.<\/strong><\/p>\n\n\n\n<p class=\"has-medium-font-size\"><strong>Sie k\u00f6nnen sich auch einfach einen entspannten Tag bei uns machen und die Aussicht genie\u00dfen &#8211; ganz wie Sie m\u00f6gen.<\/strong><\/p>\n\n\n\n<p><\/p>\n\n\n\n<p class=\"has-medium-font-size\"><strong>Den <a rel=\"noreferrer noopener\" href=\"https:\/\/www.allgaeuerseenland.de\/aktivitaeten\/sommer\/wandern\/natur-erlebniswanderungen\/stoffelbergrundweg\/\" data-type=\"URL\" data-id=\"https:\/\/www.allgaeuerseenland.de\/aktivitaeten\/sommer\/wandern\/natur-erlebniswanderungen\/stoffelbergrundweg\/\" target=\"_blank\">Stoffelbergrundweg<\/a>, <a rel=\"noreferrer noopener\" href=\"https:\/\/www.allgaeuerseenland.de\/seenland\/seen-weiher\/niedersonthofener-see\/\" data-type=\"URL\" data-id=\"https:\/\/www.allgaeuerseenland.de\/seenland\/seen-weiher\/niedersonthofener-see\/\" target=\"_blank\">Niedersonthofener <\/a>See Rundweg und den <a rel=\"noreferrer noopener\" href=\"https:\/\/www.allgaeuerseenland.de\/aktivitaeten\/sommer\/wandern\/natur-erlebniswanderungen\/wasserfallweg\/\" data-type=\"URL\" data-id=\"https:\/\/www.allgaeuerseenland.de\/aktivitaeten\/sommer\/wandern\/natur-erlebniswanderungen\/wasserfallweg\/\" target=\"_blank\">Wasserfallweg  <\/a>k\u00f6nnen Sie direkt ab unserem Haus starten<\/strong>.<\/p>\n\n\n\n<p class=\"has-text-align-center has-medium-font-size\"><strong>Dienstag &amp; Mittwoch Ruhetag<\/strong> <\/p>\n\n\n\n<script type=\"text\/javascript\">\r\ndocument.addEventListener(\"DOMContentLoaded\", function(event) { \r\n\tjQuery( '#slider-pro-3-252' ).sliderPro({\r\n\t\t\/\/width\r\n\t\t\t\twidth: 1000,\r\n\t\t\t\t\r\n\t\t\/\/height\r\n\t\t\t\theight: 500,\r\n\t\t\t\t\r\n\t\t\/\/autoplay\r\n\t\t\t\tautoplay:  true,\r\n\t\tautoplayOnHover: 'none',\r\n\t\t\t\t\t\t\t\tautoplayDelay: 5000,\r\n\t\t\r\n\t\t\r\n\t\tarrows: true,\r\n\t\tbuttons: true,\r\n\t\tsmallSize: 500,\r\n\t\tmediumSize: 1000,\r\n\t\tlargeSize: 3000,\r\n\t\tfade: true,\r\n\t\t\r\n\t\t\/\/thumbnail\r\n\t\tthumbnailArrows: true,\r\n\t\tthumbnailWidth: 120,\r\n\t\tthumbnailHeight: 120,\r\n\t\t\t\t\t\tthumbnailsPosition: 'bottom',\r\n\t\t\t\t\t\tcenterImage: true,\r\n\t\timageScaleMode: 'cover',\r\n\t\tallowScaleUp: true,\r\n\t\t\t\tstartSlide: 0,\r\n\t\tloop: true,\r\n\t\tslideDistance: 5,\r\n\t\tautoplayDirection: 'normal',\r\n\t\ttouchSwipe: true,\r\n\t\tfullScreen: true,\r\n\t});\r\n});\r\n<\/script>\r\n<style>\r\n\/* Layout 3 *\/\r\n\/* border *\/\r\n#slider-pro-3-252 .sp-selected-thumbnail {\r\n\tborder: 4px solid #000000;\r\n}\r\n\r\n\/* font + color *\/\r\n.title-in  {\r\n\tfont-family: Arial !important;\r\n\tcolor: #FFFFFF !important;\r\n\tbackground-color: #000000 !important;\r\n\topacity: 0.7 !important;\r\n}\r\n.desc-in  {\r\n\tfont-family: Arial !important;\r\n\tcolor: #FFFFFF !important;\r\n\tbackground-color: #00000 !important;\r\n\topacity: 0.7 !important;\r\n}\r\n\r\n\/* bullets color *\/\r\n.sp-button  {\r\n\tborder: 2px solid #000000 !important;\r\n}\r\n.sp-selected-button  {\r\n\tbackground-color: #000000 !important;\r\n}\r\n\r\n\/* pointer color - bottom *\/\r\n.sp-selected-thumbnail::before {\r\n\tborder-bottom: 5px solid #000000 !important;\r\n}\r\n.sp-selected-thumbnail::after {\r\n\tborder-bottom: 13px solid #000000 !important;\r\n}\r\n\r\n\/* pointer color - top *\/\r\n\r\n\/* full screen icon *\/\r\n.sp-full-screen-button::before {\r\n    color: #FFFFFF !important;\r\n}\r\n\r\n\/* hover navigation icon color *\/\r\n.sp-next-arrow::after, .sp-next-arrow::before {\r\n\tbackground-color: #FFFFFF !important;\r\n}\r\n.sp-previous-arrow::after, .sp-previous-arrow::before {\r\n\tbackground-color: #FFFFFF !important;\r\n}\r\n\r\n#slider-pro-3-252 .title-in {\r\n\tcolor: #FFFFFF !important;\r\n\tfont-weight: bolder;\r\n\ttext-align: center;\r\n}\r\n\r\n#slider-pro-3-252 .title-in-bg {\r\n\tbackground: rgba(255, 255, 255, 0.7); !important;\r\n\twhite-space: unset !important;\r\n\tmax-width: 90%;\r\n\tmin-width: 40%;\r\n\ttransform: initial !important;\r\n\t-webkit-transform: initial !important;\r\n\tfont-size: 14px !important;\r\n}\r\n\r\n#slider-pro-3-252 .desc-in {\r\n\tcolor: #FFFFFF !important;\r\n\ttext-align: center;\r\n}\r\n#slider-pro-3-252 .desc-in-bg {\r\n\tbackground: rgba(#00000, 0.7) !important;\r\n\twhite-space: unset !important;\r\n\twidth: 80% !important;\r\n\tmin-width: 30%;\r\n\ttransform: initial !important;\r\n\t-webkit-transform: initial !important;\r\n\tfont-size: 13px !important;\r\n}\r\n\r\n@media (max-width: 640px) {\r\n\t#slider-pro-3-252 .hide-small-screen {\r\n\t\tdisplay: none;\r\n\t}\r\n}\r\n\r\n@media (max-width: 860px) {\r\n\t#slider-pro-3-252 .sp-layer {\r\n\t\tfont-size: 18px;\r\n\t}\r\n\t\r\n\t#slider-pro-3-252 .hide-medium-screen {\r\n\t\tdisplay: none;\r\n\t}\r\n}\r\n.slides-not-found {\r\n\tbackground-color: #a92929;\r\n\tborder-radius: 5px;\r\n\tcolor: #fff;\r\n\tfont-family: initial;\r\n\ttext-align: center;\r\n\tpadding:12px;\r\n}\r\n\/* Custom CSS *\/\r\n<\/style>\r\n<h3 class=\"uris-slider-post-title\">Aktivit\u00e4ten<\/h3>\r\n\t\t<div id=\"slider-pro-3-252\" class=\"slider-pro\">\r\n\t\t\t<!---- slides div start ---->\r\n\t\t\t<div class=\"sp-slides\">\r\n\t\t\t\t\t\t\t\t\t\t<div class=\"sp-slide\">\r\n\t\t\t\t\t\t\t<img class=\"sp-image\" alt=\"aktivgalerie3\" src=\"https:\/\/berghof-alpenblick.de\/wp-content\/plugins\/ultimate-responsive-image-slider\/assets\/css\/images\/blank.gif\" data-src=\"https:\/\/berghof-alpenblick.de\/wp-content\/uploads\/2021\/01\/aktivgalerie3.jpg\" \/>\r\n\r\n\t\t\t\t\t\t\t\r\n\t\t\t\t\t\t\t\t\t\t\t\t\t<\/div>\r\n\t\t\t\t\t\t\t\t\t\t\t\t<div class=\"sp-slide\">\r\n\t\t\t\t\t\t\t<img class=\"sp-image\" alt=\"aktivgalerie4\" src=\"https:\/\/berghof-alpenblick.de\/wp-content\/plugins\/ultimate-responsive-image-slider\/assets\/css\/images\/blank.gif\" data-src=\"https:\/\/berghof-alpenblick.de\/wp-content\/uploads\/2021\/01\/aktivgalerie4.jpg\" \/>\r\n\r\n\t\t\t\t\t\t\t\r\n\t\t\t\t\t\t\t\t\t\t\t\t\t<\/div>\r\n\t\t\t\t\t\t\t\t\t\t\t\t<div class=\"sp-slide\">\r\n\t\t\t\t\t\t\t<img class=\"sp-image\" alt=\"aktivgalerie9\" src=\"https:\/\/berghof-alpenblick.de\/wp-content\/plugins\/ultimate-responsive-image-slider\/assets\/css\/images\/blank.gif\" data-src=\"https:\/\/berghof-alpenblick.de\/wp-content\/uploads\/2021\/01\/aktivgalerie9.jpg\" \/>\r\n\r\n\t\t\t\t\t\t\t\r\n\t\t\t\t\t\t\t\t\t\t\t\t\t<\/div>\r\n\t\t\t\t\t\t\t\t\t\t\t\t<div class=\"sp-slide\">\r\n\t\t\t\t\t\t\t<img class=\"sp-image\" alt=\"aktivgalerie5\" src=\"https:\/\/berghof-alpenblick.de\/wp-content\/plugins\/ultimate-responsive-image-slider\/assets\/css\/images\/blank.gif\" data-src=\"https:\/\/berghof-alpenblick.de\/wp-content\/uploads\/2021\/01\/aktivgalerie5.jpg\" \/>\r\n\r\n\t\t\t\t\t\t\t\r\n\t\t\t\t\t\t\t\t\t\t\t\t\t<\/div>\r\n\t\t\t\t\t\t\t\t\t\t\t\t<div class=\"sp-slide\">\r\n\t\t\t\t\t\t\t<img class=\"sp-image\" alt=\"aktivgalerie14\" src=\"https:\/\/berghof-alpenblick.de\/wp-content\/plugins\/ultimate-responsive-image-slider\/assets\/css\/images\/blank.gif\" data-src=\"https:\/\/berghof-alpenblick.de\/wp-content\/uploads\/2021\/01\/aktivgalerie14.jpg\" \/>\r\n\r\n\t\t\t\t\t\t\t\r\n\t\t\t\t\t\t\t\t\t\t\t\t\t<\/div>\r\n\t\t\t\t\t\t\t\t\t\t\t\t<div class=\"sp-slide\">\r\n\t\t\t\t\t\t\t<img class=\"sp-image\" alt=\"aktivgalerie11\" src=\"https:\/\/berghof-alpenblick.de\/wp-content\/plugins\/ultimate-responsive-image-slider\/assets\/css\/images\/blank.gif\" data-src=\"https:\/\/berghof-alpenblick.de\/wp-content\/uploads\/2021\/01\/aktivgalerie11.jpg\" \/>\r\n\r\n\t\t\t\t\t\t\t\r\n\t\t\t\t\t\t\t\t\t\t\t\t\t<\/div>\r\n\t\t\t\t\t\t\t\t\t\t\t\t<div class=\"sp-slide\">\r\n\t\t\t\t\t\t\t<img class=\"sp-image\" alt=\"aktivgalerie12\" src=\"https:\/\/berghof-alpenblick.de\/wp-content\/plugins\/ultimate-responsive-image-slider\/assets\/css\/images\/blank.gif\" data-src=\"https:\/\/berghof-alpenblick.de\/wp-content\/uploads\/2021\/01\/aktivgalerie12.jpg\" \/>\r\n\r\n\t\t\t\t\t\t\t\r\n\t\t\t\t\t\t\t\t\t\t\t\t\t<\/div>\r\n\t\t\t\t\t\t\t\t\t\t\t\t<div class=\"sp-slide\">\r\n\t\t\t\t\t\t\t<img class=\"sp-image\" alt=\"aktivgalerie10\" src=\"https:\/\/berghof-alpenblick.de\/wp-content\/plugins\/ultimate-responsive-image-slider\/assets\/css\/images\/blank.gif\" data-src=\"https:\/\/berghof-alpenblick.de\/wp-content\/uploads\/2021\/01\/aktivgalerie10.jpg\" \/>\r\n\r\n\t\t\t\t\t\t\t\r\n\t\t\t\t\t\t\t\t\t\t\t\t\t<\/div>\r\n\t\t\t\t\t\t\t\t\t\t\t\t<div class=\"sp-slide\">\r\n\t\t\t\t\t\t\t<img class=\"sp-image\" alt=\"aktivgalerie16\" src=\"https:\/\/berghof-alpenblick.de\/wp-content\/plugins\/ultimate-responsive-image-slider\/assets\/css\/images\/blank.gif\" data-src=\"https:\/\/berghof-alpenblick.de\/wp-content\/uploads\/2021\/01\/aktivgalerie16.jpg\" \/>\r\n\r\n\t\t\t\t\t\t\t\r\n\t\t\t\t\t\t\t\t\t\t\t\t\t<\/div>\r\n\t\t\t\t\t\t\t\t\t\t\t\t<div class=\"sp-slide\">\r\n\t\t\t\t\t\t\t<img class=\"sp-image\" alt=\"aktivgalerie13\" src=\"https:\/\/berghof-alpenblick.de\/wp-content\/plugins\/ultimate-responsive-image-slider\/assets\/css\/images\/blank.gif\" data-src=\"https:\/\/berghof-alpenblick.de\/wp-content\/uploads\/2021\/01\/aktivgalerie13.jpg\" \/>\r\n\r\n\t\t\t\t\t\t\t\r\n\t\t\t\t\t\t\t\t\t\t\t\t\t<\/div>\r\n\t\t\t\t\t\t\t\t\t\t\t\t<div class=\"sp-slide\">\r\n\t\t\t\t\t\t\t<img class=\"sp-image\" alt=\"aktivgalerie9\" src=\"https:\/\/berghof-alpenblick.de\/wp-content\/plugins\/ultimate-responsive-image-slider\/assets\/css\/images\/blank.gif\" data-src=\"https:\/\/berghof-alpenblick.de\/wp-content\/uploads\/2021\/01\/aktivgalerie9.jpg\" \/>\r\n\r\n\t\t\t\t\t\t\t\r\n\t\t\t\t\t\t\t\t\t\t\t\t\t<\/div>\r\n\t\t\t\t\t\t\t\t\t\t\t\t<div class=\"sp-slide\">\r\n\t\t\t\t\t\t\t<img class=\"sp-image\" alt=\"aktivgalerie8\" src=\"https:\/\/berghof-alpenblick.de\/wp-content\/plugins\/ultimate-responsive-image-slider\/assets\/css\/images\/blank.gif\" data-src=\"https:\/\/berghof-alpenblick.de\/wp-content\/uploads\/2021\/01\/aktivgalerie8.jpg\" \/>\r\n\r\n\t\t\t\t\t\t\t\r\n\t\t\t\t\t\t\t\t\t\t\t\t\t<\/div>\r\n\t\t\t\t\t\t\t\t\t\t\t\t<div class=\"sp-slide\">\r\n\t\t\t\t\t\t\t<img class=\"sp-image\" alt=\"aktivgalerie6\" src=\"https:\/\/berghof-alpenblick.de\/wp-content\/plugins\/ultimate-responsive-image-slider\/assets\/css\/images\/blank.gif\" data-src=\"https:\/\/berghof-alpenblick.de\/wp-content\/uploads\/2021\/01\/aktivgalerie6.jpg\" \/>\r\n\r\n\t\t\t\t\t\t\t\r\n\t\t\t\t\t\t\t\t\t\t\t\t\t<\/div>\r\n\t\t\t\t\t\t\t\t\t<\/div>\r\n\t\t\t\r\n\t\t\t<!---- slides div end ---->\r\n\t\t\t\t\t\t<!-- slides thumbnails div start -->\r\n\t\t\t<div class=\"sp-thumbnails\">\r\n\t\t\t\t\t\t\t\t\t\t<img class=\"sp-thumbnail\" src=\"https:\/\/berghof-alpenblick.de\/wp-content\/plugins\/ultimate-responsive-image-slider\/assets\/img\/loading.gif\" data-src=\"https:\/\/berghof-alpenblick.de\/wp-content\/uploads\/2021\/01\/aktivgalerie3-300x200.jpg\" alt=\"aktivgalerie3\"\/>\r\n\t\t\t\t\t\t\t\t\t\t\t<img class=\"sp-thumbnail\" src=\"https:\/\/berghof-alpenblick.de\/wp-content\/plugins\/ultimate-responsive-image-slider\/assets\/img\/loading.gif\" data-src=\"https:\/\/berghof-alpenblick.de\/wp-content\/uploads\/2021\/01\/aktivgalerie4-300x200.jpg\" alt=\"aktivgalerie4\"\/>\r\n\t\t\t\t\t\t\t\t\t\t\t<img class=\"sp-thumbnail\" src=\"https:\/\/berghof-alpenblick.de\/wp-content\/plugins\/ultimate-responsive-image-slider\/assets\/img\/loading.gif\" data-src=\"https:\/\/berghof-alpenblick.de\/wp-content\/uploads\/2021\/01\/aktivgalerie9-300x200.jpg\" alt=\"aktivgalerie9\"\/>\r\n\t\t\t\t\t\t\t\t\t\t\t<img class=\"sp-thumbnail\" src=\"https:\/\/berghof-alpenblick.de\/wp-content\/plugins\/ultimate-responsive-image-slider\/assets\/img\/loading.gif\" data-src=\"https:\/\/berghof-alpenblick.de\/wp-content\/uploads\/2021\/01\/aktivgalerie5-300x200.jpg\" alt=\"aktivgalerie5\"\/>\r\n\t\t\t\t\t\t\t\t\t\t\t<img class=\"sp-thumbnail\" src=\"https:\/\/berghof-alpenblick.de\/wp-content\/plugins\/ultimate-responsive-image-slider\/assets\/img\/loading.gif\" data-src=\"https:\/\/berghof-alpenblick.de\/wp-content\/uploads\/2021\/01\/aktivgalerie14-300x200.jpg\" alt=\"aktivgalerie14\"\/>\r\n\t\t\t\t\t\t\t\t\t\t\t<img class=\"sp-thumbnail\" src=\"https:\/\/berghof-alpenblick.de\/wp-content\/plugins\/ultimate-responsive-image-slider\/assets\/img\/loading.gif\" data-src=\"https:\/\/berghof-alpenblick.de\/wp-content\/uploads\/2021\/01\/aktivgalerie11-300x200.jpg\" alt=\"aktivgalerie11\"\/>\r\n\t\t\t\t\t\t\t\t\t\t\t<img class=\"sp-thumbnail\" src=\"https:\/\/berghof-alpenblick.de\/wp-content\/plugins\/ultimate-responsive-image-slider\/assets\/img\/loading.gif\" data-src=\"https:\/\/berghof-alpenblick.de\/wp-content\/uploads\/2021\/01\/aktivgalerie12-300x200.jpg\" alt=\"aktivgalerie12\"\/>\r\n\t\t\t\t\t\t\t\t\t\t\t<img class=\"sp-thumbnail\" src=\"https:\/\/berghof-alpenblick.de\/wp-content\/plugins\/ultimate-responsive-image-slider\/assets\/img\/loading.gif\" data-src=\"https:\/\/berghof-alpenblick.de\/wp-content\/uploads\/2021\/01\/aktivgalerie10-300x200.jpg\" alt=\"aktivgalerie10\"\/>\r\n\t\t\t\t\t\t\t\t\t\t\t<img class=\"sp-thumbnail\" src=\"https:\/\/berghof-alpenblick.de\/wp-content\/plugins\/ultimate-responsive-image-slider\/assets\/img\/loading.gif\" data-src=\"https:\/\/berghof-alpenblick.de\/wp-content\/uploads\/2021\/01\/aktivgalerie16-300x200.jpg\" alt=\"aktivgalerie16\"\/>\r\n\t\t\t\t\t\t\t\t\t\t\t<img class=\"sp-thumbnail\" src=\"https:\/\/berghof-alpenblick.de\/wp-content\/plugins\/ultimate-responsive-image-slider\/assets\/img\/loading.gif\" data-src=\"https:\/\/berghof-alpenblick.de\/wp-content\/uploads\/2021\/01\/aktivgalerie13-300x200.jpg\" alt=\"aktivgalerie13\"\/>\r\n\t\t\t\t\t\t\t\t\t\t\t<img class=\"sp-thumbnail\" src=\"https:\/\/berghof-alpenblick.de\/wp-content\/plugins\/ultimate-responsive-image-slider\/assets\/img\/loading.gif\" data-src=\"https:\/\/berghof-alpenblick.de\/wp-content\/uploads\/2021\/01\/aktivgalerie9-300x200.jpg\" alt=\"aktivgalerie9\"\/>\r\n\t\t\t\t\t\t\t\t\t\t\t<img class=\"sp-thumbnail\" src=\"https:\/\/berghof-alpenblick.de\/wp-content\/plugins\/ultimate-responsive-image-slider\/assets\/img\/loading.gif\" data-src=\"https:\/\/berghof-alpenblick.de\/wp-content\/uploads\/2021\/01\/aktivgalerie8-300x200.jpg\" alt=\"aktivgalerie8\"\/>\r\n\t\t\t\t\t\t\t\t\t\t\t<img class=\"sp-thumbnail\" src=\"https:\/\/berghof-alpenblick.de\/wp-content\/plugins\/ultimate-responsive-image-slider\/assets\/img\/loading.gif\" data-src=\"https:\/\/berghof-alpenblick.de\/wp-content\/uploads\/2021\/01\/aktivgalerie6-300x200.jpg\" alt=\"aktivgalerie6\"\/>\r\n\t\t\t\t\t\t\t\t<\/div>\r\n\t\t\t\t\t\t<!-- slides thumbnails div end -->\r\n\t\t<\/div>\r\n\n\n\n\n<p><\/p>\n","protected":false},"excerpt":{"rendered":"<p>Unsere Ferienregion hat ganz unterschiedliche Gesichter und somit f\u00fcr jeden etwas zu bieten. Eine gro\u00dfe Palette an Wanderm\u00f6glichkeiten durch ausgedehnte&hellip;<\/p>\n","protected":false},"author":1,"featured_media":0,"parent":0,"menu_order":0,"comment_status":"closed","ping_status":"closed","template":"","meta":[],"_links":{"self":[{"href":"https:\/\/berghof-alpenblick.de\/index.php?rest_route=\/wp\/v2\/pages\/27"}],"collection":[{"href":"https:\/\/berghof-alpenblick.de\/index.php?rest_route=\/wp\/v2\/pages"}],"about":[{"href":"https:\/\/berghof-alpenblick.de\/index.php?rest_route=\/wp\/v2\/types\/page"}],"author":[{"embeddable":true,"href":"https:\/\/berghof-alpenblick.de\/index.php?rest_route=\/wp\/v2\/users\/1"}],"replies":[{"embeddable":true,"href":"https:\/\/berghof-alpenblick.de\/index.php?rest_route=%2Fwp%2Fv2%2Fcomments&post=27"}],"version-history":[{"count":7,"href":"https:\/\/berghof-alpenblick.de\/index.php?rest_route=\/wp\/v2\/pages\/27\/revisions"}],"predecessor-version":[{"id":706,"href":"https:\/\/berghof-alpenblick.de\/index.php?rest_route=\/wp\/v2\/pages\/27\/revisions\/706"}],"wp:attachment":[{"href":"https:\/\/berghof-alpenblick.de\/index.php?rest_route=%2Fwp%2Fv2%2Fmedia&parent=27"}],"curies":[{"name":"wp","href":"https:\/\/api.w.org\/{rel}","templated":true}]}}