{"id":26,"date":"2021-01-25T19:28:15","date_gmt":"2021-01-25T19:28:15","guid":{"rendered":"http:\/\/tbmontage.de\/?page_id=26"},"modified":"2026-01-23T16:42:49","modified_gmt":"2026-01-23T16:42:49","slug":"gaestezimmer","status":"publish","type":"page","link":"https:\/\/berghof-alpenblick.de\/?page_id=26","title":{"rendered":"G\u00e4stezimmer"},"content":{"rendered":"\n<p class=\"has-medium-font-size\"><strong>Unsere G\u00e4stezimmer sind alle gem\u00fctlich und komfortabel eingerichtet. Sie verf\u00fcgen \u00fcber Dusche und WC&nbsp;und fast alle haben einen Balkon.<\/strong><\/p>\n\n\n\n<p class=\"has-medium-font-size\"><strong>Unsere G\u00e4ste k\u00f6nnen Doppel- und Familienzimmer buchen. Beides bieten wir mit Fr\u00fchst\u00fcck an.<\/strong><\/p>\n\n\n\n<p class=\"has-medium-font-size\"><strong>Sie k\u00f6nnen bei uns auch nach Karte essen &#8211; zu ganz soliden Preisen. Gerne stellen wir uns auch auf Ihre individuellen W\u00fcnsche ein.<\/strong><\/p>\n\n\n\n<p class=\"has-medium-font-size\"><strong>Im Sommer k\u00f6nnen unsere Hausg\u00e4ste, den in idyllischer Lage angelegten Naturschwimmteich nutzen und von hier die Aussicht genie\u00dfen.<\/strong><\/p>\n\n\n\n<p class=\"has-medium-font-size\"><strong>Parkpl\u00e4tze sind ausreichend am Haus.<\/strong><\/p>\n\n\n\n<p class=\"has-medium-font-size\"><strong>Alle unsere Zimmer haben<\/strong><\/p>\n\n\n\n<p class=\"has-medium-font-size\"><strong>Dusche \/ WC \/ TV \/ W-Lan<\/strong><\/p>\n\n\n\n<p class=\"has-medium-font-size\"><strong>Essen \u00e1 la Card gibt es den ganzen Tag und durchgehend warme K\u00fcche.<\/strong><\/p>\n\n\n\n<p class=\"has-medium-font-size\"><strong>Von Juni bis September<\/strong> <strong>vermieten wir ab 3 \u00dcbernachtungen<\/strong>.<\/p>\n\n\n\n<p class=\"has-medium-font-size\"><strong>Von November bis Mai vermieten wir ab 2 \u00fcbernachtungen<\/strong><\/p>\n\n\n\n<p class=\"has-medium-font-size\"><strong>Haustiere sind in unserer Pension nicht erlaubt.<\/strong><\/p>\n\n\n\n<p class=\"has-medium-font-size\"><strong>Buchungen gerne unter klingch@web.de<\/strong><\/p>\n\n\n\n<pre class=\"wp-block-preformatted\"><\/pre>\n\n\n\n<p class=\"has-text-align-center has-medium-font-size\"><strong>Dienstag&amp; Mittwoch Ruhetag<\/strong><\/p>\n\n\n\n<h1>Saison  vom 06.01.2025- 06.01.2026 <\/h1>\n\n\n\n<figure class=\"wp-block-table is-style-stripes\"><table><tbody><tr><td>&nbsp;<\/td><td>&nbsp;1 Nacht<\/td><td>Preis pro Nacht bei 2 \u00dcbernachtungen<\/td><td>Preis pro Nacht bei 3 \u00dcbernachtungen<\/td><td>Preis pro Nacht ab 4 \u00dcbernachtungen<\/td><\/tr><tr><td>&nbsp;1 Person<\/td><td>\u00a051 Euro<\/td><td>\u00a050 Euro<\/td><td>\u00a049 Euro<\/td><td>\u00a049 Euro<\/td><\/tr><tr><td>&nbsp;2 Personen<\/td><td>\u00a084<br>Euro<\/td><td>\u00a082 Euro<\/td><td>\u00a080 Euro<\/td><td>\u00a078 Euro<\/td><\/tr><tr><td>&nbsp;3 Personen (FZ)<\/td><td>120 Euro<\/td><td>\u00a0120 Euro<\/td><td>\u00a0120 Euro<\/td><td>\u00a0117 Euro<\/td><\/tr><\/tbody><\/table><\/figure>\n\n\n\n<p>Preise inkl. Fr\u00fchst\u00fcck\/ zzgl. aktuelle Kurtaxe pro Pers.\/Tag<\/p>\n\n\n\n<p>Kinder bis 4 Jahre 10 Euro ab 4 \u00dcbernachtungen<\/p>\n\n\n\n<p>Kinder bis 6 Jahre 15 Euro ab 4 \u00dcbernachtungen<\/p>\n\n\n\n<p>Kinder 6-12 Jahre 20 Euro ab 4 \u00dcbernachtungen<\/p>\n\n\n\n<p>FZ = 3.Person im Familienzimmer<\/p>\n\n\n\n<p><\/p>\n\n\n\n<script type=\"text\/javascript\">\r\ndocument.addEventListener(\"DOMContentLoaded\", function(event) { \r\n\tjQuery( '#slider-pro-3-250' ).sliderPro({\r\n\t\t\/\/width\r\n\t\t\t\twidth: 1000,\r\n\t\t\t\t\r\n\t\t\/\/height\r\n\t\t\t\theight: 500,\r\n\t\t\t\t\r\n\t\t\/\/autoplay\r\n\t\t\t\tautoplay:  true,\r\n\t\tautoplayOnHover: 'none',\r\n\t\t\t\t\t\t\t\tautoplayDelay: 5000,\r\n\t\t\r\n\t\t\r\n\t\tarrows: true,\r\n\t\tbuttons: true,\r\n\t\tsmallSize: 500,\r\n\t\tmediumSize: 1000,\r\n\t\tlargeSize: 3000,\r\n\t\tfade: true,\r\n\t\t\r\n\t\t\/\/thumbnail\r\n\t\tthumbnailArrows: true,\r\n\t\tthumbnailWidth: 120,\r\n\t\tthumbnailHeight: 120,\r\n\t\t\t\t\t\tthumbnailsPosition: 'bottom',\r\n\t\t\t\t\t\tcenterImage: true,\r\n\t\timageScaleMode: 'cover',\r\n\t\tallowScaleUp: true,\r\n\t\t\t\tstartSlide: 0,\r\n\t\tloop: true,\r\n\t\tslideDistance: 5,\r\n\t\tautoplayDirection: 'normal',\r\n\t\ttouchSwipe: true,\r\n\t\tfullScreen: true,\r\n\t});\r\n});\r\n<\/script>\r\n<style>\r\n\/* Layout 3 *\/\r\n\/* border *\/\r\n#slider-pro-3-250 .sp-selected-thumbnail {\r\n\tborder: 4px solid #000000;\r\n}\r\n\r\n\/* font + color *\/\r\n.title-in  {\r\n\tfont-family: Arial !important;\r\n\tcolor: #FFFFFF !important;\r\n\tbackground-color: #000000 !important;\r\n\topacity: 0.7 !important;\r\n}\r\n.desc-in  {\r\n\tfont-family: Arial !important;\r\n\tcolor: #FFFFFF !important;\r\n\tbackground-color: #00000 !important;\r\n\topacity: 0.7 !important;\r\n}\r\n\r\n\/* bullets color *\/\r\n.sp-button  {\r\n\tborder: 2px solid #000000 !important;\r\n}\r\n.sp-selected-button  {\r\n\tbackground-color: #000000 !important;\r\n}\r\n\r\n\/* pointer color - bottom *\/\r\n.sp-selected-thumbnail::before {\r\n\tborder-bottom: 5px solid #000000 !important;\r\n}\r\n.sp-selected-thumbnail::after {\r\n\tborder-bottom: 13px solid #000000 !important;\r\n}\r\n\r\n\/* pointer color - top *\/\r\n\r\n\/* full screen icon *\/\r\n.sp-full-screen-button::before {\r\n    color: #FFFFFF !important;\r\n}\r\n\r\n\/* hover navigation icon color *\/\r\n.sp-next-arrow::after, .sp-next-arrow::before {\r\n\tbackground-color: #FFFFFF !important;\r\n}\r\n.sp-previous-arrow::after, .sp-previous-arrow::before {\r\n\tbackground-color: #FFFFFF !important;\r\n}\r\n\r\n#slider-pro-3-250 .title-in {\r\n\tcolor: #FFFFFF !important;\r\n\tfont-weight: bolder;\r\n\ttext-align: center;\r\n}\r\n\r\n#slider-pro-3-250 .title-in-bg {\r\n\tbackground: rgba(255, 255, 255, 0.7); !important;\r\n\twhite-space: unset !important;\r\n\tmax-width: 90%;\r\n\tmin-width: 40%;\r\n\ttransform: initial !important;\r\n\t-webkit-transform: initial !important;\r\n\tfont-size: 14px !important;\r\n}\r\n\r\n#slider-pro-3-250 .desc-in {\r\n\tcolor: #FFFFFF !important;\r\n\ttext-align: center;\r\n}\r\n#slider-pro-3-250 .desc-in-bg {\r\n\tbackground: rgba(#00000, 0.7) !important;\r\n\twhite-space: unset !important;\r\n\twidth: 80% !important;\r\n\tmin-width: 30%;\r\n\ttransform: initial !important;\r\n\t-webkit-transform: initial !important;\r\n\tfont-size: 13px !important;\r\n}\r\n\r\n@media (max-width: 640px) {\r\n\t#slider-pro-3-250 .hide-small-screen {\r\n\t\tdisplay: none;\r\n\t}\r\n}\r\n\r\n@media (max-width: 860px) {\r\n\t#slider-pro-3-250 .sp-layer {\r\n\t\tfont-size: 18px;\r\n\t}\r\n\t\r\n\t#slider-pro-3-250 .hide-medium-screen {\r\n\t\tdisplay: none;\r\n\t}\r\n}\r\n.slides-not-found {\r\n\tbackground-color: #a92929;\r\n\tborder-radius: 5px;\r\n\tcolor: #fff;\r\n\tfont-family: initial;\r\n\ttext-align: center;\r\n\tpadding:12px;\r\n}\r\n\/* Custom CSS *\/\r\n<\/style>\r\n\t\t<div id=\"slider-pro-3-250\" class=\"slider-pro\">\r\n\t\t\t<!---- slides div start ---->\r\n\t\t\t<div class=\"sp-slides\">\r\n\t\t\t\t\t\t\t\t\t\t<div class=\"sp-slide\">\r\n\t\t\t\t\t\t\t<img class=\"sp-image\" alt=\"Alpenblick Bergpension\" src=\"https:\/\/berghof-alpenblick.de\/wp-content\/plugins\/ultimate-responsive-image-slider\/assets\/css\/images\/blank.gif\" data-src=\"https:\/\/berghof-alpenblick.de\/wp-content\/uploads\/2021\/01\/IMG_4957.jpg\" \/>\r\n\r\n\t\t\t\t\t\t\t\r\n\t\t\t\t\t\t\t\t\t\t\t\t\t<\/div>\r\n\t\t\t\t\t\t\t\t\t\t\t\t<div class=\"sp-slide\">\r\n\t\t\t\t\t\t\t<img class=\"sp-image\" alt=\"Alpenblick Bergpension\" src=\"https:\/\/berghof-alpenblick.de\/wp-content\/plugins\/ultimate-responsive-image-slider\/assets\/css\/images\/blank.gif\" data-src=\"https:\/\/berghof-alpenblick.de\/wp-content\/uploads\/2021\/01\/IMG_4944-1.jpg\" \/>\r\n\r\n\t\t\t\t\t\t\t\r\n\t\t\t\t\t\t\t\t\t\t\t\t\t<\/div>\r\n\t\t\t\t\t\t\t\t\t\t\t\t<div class=\"sp-slide\">\r\n\t\t\t\t\t\t\t<img class=\"sp-image\" alt=\"Alpenblick Bergpension\" src=\"https:\/\/berghof-alpenblick.de\/wp-content\/plugins\/ultimate-responsive-image-slider\/assets\/css\/images\/blank.gif\" data-src=\"https:\/\/berghof-alpenblick.de\/wp-content\/uploads\/2021\/01\/IMG_4956.jpg\" \/>\r\n\r\n\t\t\t\t\t\t\t\r\n\t\t\t\t\t\t\t\t\t\t\t\t\t<\/div>\r\n\t\t\t\t\t\t\t\t\t\t\t\t<div class=\"sp-slide\">\r\n\t\t\t\t\t\t\t<img class=\"sp-image\" alt=\"Alpenblick Bergpension\" src=\"https:\/\/berghof-alpenblick.de\/wp-content\/plugins\/ultimate-responsive-image-slider\/assets\/css\/images\/blank.gif\" data-src=\"https:\/\/berghof-alpenblick.de\/wp-content\/uploads\/2021\/01\/IMG_4949.jpg\" \/>\r\n\r\n\t\t\t\t\t\t\t\r\n\t\t\t\t\t\t\t\t\t\t\t\t\t<\/div>\r\n\t\t\t\t\t\t\t\t\t\t\t\t<div class=\"sp-slide\">\r\n\t\t\t\t\t\t\t<img class=\"sp-image\" alt=\"Alpenblick Bergpension\" src=\"https:\/\/berghof-alpenblick.de\/wp-content\/plugins\/ultimate-responsive-image-slider\/assets\/css\/images\/blank.gif\" data-src=\"https:\/\/berghof-alpenblick.de\/wp-content\/uploads\/2021\/01\/IMG_4939.jpg\" \/>\r\n\r\n\t\t\t\t\t\t\t\r\n\t\t\t\t\t\t\t\t\t\t\t\t\t<\/div>\r\n\t\t\t\t\t\t\t\t\t\t\t\t<div class=\"sp-slide\">\r\n\t\t\t\t\t\t\t<img class=\"sp-image\" alt=\"Alpenblick Bergpension\" src=\"https:\/\/berghof-alpenblick.de\/wp-content\/plugins\/ultimate-responsive-image-slider\/assets\/css\/images\/blank.gif\" data-src=\"https:\/\/berghof-alpenblick.de\/wp-content\/uploads\/2021\/01\/IMG_4931.jpg\" \/>\r\n\r\n\t\t\t\t\t\t\t\r\n\t\t\t\t\t\t\t\t\t\t\t\t\t<\/div>\r\n\t\t\t\t\t\t\t\t\t\t\t\t<div class=\"sp-slide\">\r\n\t\t\t\t\t\t\t<img class=\"sp-image\" alt=\"Alpenblick Bergpension\" src=\"https:\/\/berghof-alpenblick.de\/wp-content\/plugins\/ultimate-responsive-image-slider\/assets\/css\/images\/blank.gif\" data-src=\"https:\/\/berghof-alpenblick.de\/wp-content\/uploads\/2021\/01\/IMG_4937.jpg\" \/>\r\n\r\n\t\t\t\t\t\t\t\r\n\t\t\t\t\t\t\t\t\t\t\t\t\t<\/div>\r\n\t\t\t\t\t\t\t\t\t\t\t\t<div class=\"sp-slide\">\r\n\t\t\t\t\t\t\t<img class=\"sp-image\" alt=\"Alpenblick Bergpension\" src=\"https:\/\/berghof-alpenblick.de\/wp-content\/plugins\/ultimate-responsive-image-slider\/assets\/css\/images\/blank.gif\" data-src=\"https:\/\/berghof-alpenblick.de\/wp-content\/uploads\/2021\/01\/IMG_4913.jpg\" \/>\r\n\r\n\t\t\t\t\t\t\t\r\n\t\t\t\t\t\t\t\t\t\t\t\t\t<\/div>\r\n\t\t\t\t\t\t\t\t\t\t\t\t<div class=\"sp-slide\">\r\n\t\t\t\t\t\t\t<img class=\"sp-image\" alt=\"Alpenblick Bergpension\" src=\"https:\/\/berghof-alpenblick.de\/wp-content\/plugins\/ultimate-responsive-image-slider\/assets\/css\/images\/blank.gif\" data-src=\"https:\/\/berghof-alpenblick.de\/wp-content\/uploads\/2021\/01\/IMG_4912.jpg\" \/>\r\n\r\n\t\t\t\t\t\t\t\r\n\t\t\t\t\t\t\t\t\t\t\t\t\t<\/div>\r\n\t\t\t\t\t\t\t\t\t\t\t\t<div class=\"sp-slide\">\r\n\t\t\t\t\t\t\t<img class=\"sp-image\" alt=\"Alpenblick Bergpension\" src=\"https:\/\/berghof-alpenblick.de\/wp-content\/plugins\/ultimate-responsive-image-slider\/assets\/css\/images\/blank.gif\" data-src=\"https:\/\/berghof-alpenblick.de\/wp-content\/uploads\/2021\/01\/IMG_4907.jpg\" \/>\r\n\r\n\t\t\t\t\t\t\t\r\n\t\t\t\t\t\t\t\t\t\t\t\t\t<\/div>\r\n\t\t\t\t\t\t\t\t\t\t\t\t<div class=\"sp-slide\">\r\n\t\t\t\t\t\t\t<img class=\"sp-image\" alt=\"Alpenblick Bergpension\" src=\"https:\/\/berghof-alpenblick.de\/wp-content\/plugins\/ultimate-responsive-image-slider\/assets\/css\/images\/blank.gif\" data-src=\"https:\/\/berghof-alpenblick.de\/wp-content\/uploads\/2021\/01\/IMG_4906.jpg\" \/>\r\n\r\n\t\t\t\t\t\t\t\r\n\t\t\t\t\t\t\t\t\t\t\t\t\t<\/div>\r\n\t\t\t\t\t\t\t\t\t\t\t\t<div class=\"sp-slide\">\r\n\t\t\t\t\t\t\t<img class=\"sp-image\" alt=\"Alpenblick Bergpension\" src=\"https:\/\/berghof-alpenblick.de\/wp-content\/plugins\/ultimate-responsive-image-slider\/assets\/css\/images\/blank.gif\" data-src=\"https:\/\/berghof-alpenblick.de\/wp-content\/uploads\/2021\/01\/IMG_4904.jpg\" \/>\r\n\r\n\t\t\t\t\t\t\t\r\n\t\t\t\t\t\t\t\t\t\t\t\t\t<\/div>\r\n\t\t\t\t\t\t\t\t\t\t\t\t<div class=\"sp-slide\">\r\n\t\t\t\t\t\t\t<img class=\"sp-image\" alt=\"Alpenblick Bergpension\" src=\"https:\/\/berghof-alpenblick.de\/wp-content\/plugins\/ultimate-responsive-image-slider\/assets\/css\/images\/blank.gif\" data-src=\"https:\/\/berghof-alpenblick.de\/wp-content\/uploads\/2021\/01\/IMG_4898.jpg\" \/>\r\n\r\n\t\t\t\t\t\t\t\r\n\t\t\t\t\t\t\t\t\t\t\t\t\t<\/div>\r\n\t\t\t\t\t\t\t\t\t\t\t\t<div class=\"sp-slide\">\r\n\t\t\t\t\t\t\t<img class=\"sp-image\" alt=\"Alpenblick Bergpension\" src=\"https:\/\/berghof-alpenblick.de\/wp-content\/plugins\/ultimate-responsive-image-slider\/assets\/css\/images\/blank.gif\" data-src=\"https:\/\/berghof-alpenblick.de\/wp-content\/uploads\/2021\/01\/IMG_4896.jpg\" \/>\r\n\r\n\t\t\t\t\t\t\t\r\n\t\t\t\t\t\t\t\t\t\t\t\t\t<\/div>\r\n\t\t\t\t\t\t\t\t\t\t\t\t<div class=\"sp-slide\">\r\n\t\t\t\t\t\t\t<img class=\"sp-image\" alt=\"Alpenblick Bergpension\" src=\"https:\/\/berghof-alpenblick.de\/wp-content\/plugins\/ultimate-responsive-image-slider\/assets\/css\/images\/blank.gif\" data-src=\"https:\/\/berghof-alpenblick.de\/wp-content\/uploads\/2021\/01\/IMG_3407.jpg\" \/>\r\n\r\n\t\t\t\t\t\t\t\r\n\t\t\t\t\t\t\t\t\t\t\t\t\t<\/div>\r\n\t\t\t\t\t\t\t\t\t\t\t\t<div class=\"sp-slide\">\r\n\t\t\t\t\t\t\t<img class=\"sp-image\" alt=\"Alpenblick Bergpension\" src=\"https:\/\/berghof-alpenblick.de\/wp-content\/plugins\/ultimate-responsive-image-slider\/assets\/css\/images\/blank.gif\" data-src=\"https:\/\/berghof-alpenblick.de\/wp-content\/uploads\/2021\/01\/IMG_3405.jpg\" \/>\r\n\r\n\t\t\t\t\t\t\t\r\n\t\t\t\t\t\t\t\t\t\t\t\t\t<\/div>\r\n\t\t\t\t\t\t\t\t\t\t\t\t<div class=\"sp-slide\">\r\n\t\t\t\t\t\t\t<img class=\"sp-image\" alt=\"Alpenblick Bergpension\" src=\"https:\/\/berghof-alpenblick.de\/wp-content\/plugins\/ultimate-responsive-image-slider\/assets\/css\/images\/blank.gif\" data-src=\"https:\/\/berghof-alpenblick.de\/wp-content\/uploads\/2021\/01\/IMG_4941.jpg\" \/>\r\n\r\n\t\t\t\t\t\t\t\r\n\t\t\t\t\t\t\t\t\t\t\t\t\t<\/div>\r\n\t\t\t\t\t\t\t\t\t\t\t\t<div class=\"sp-slide\">\r\n\t\t\t\t\t\t\t<img class=\"sp-image\" alt=\"Alpenblick Bergpension\" src=\"https:\/\/berghof-alpenblick.de\/wp-content\/plugins\/ultimate-responsive-image-slider\/assets\/css\/images\/blank.gif\" data-src=\"https:\/\/berghof-alpenblick.de\/wp-content\/uploads\/2021\/01\/IMG_3397.jpg\" \/>\r\n\r\n\t\t\t\t\t\t\t\r\n\t\t\t\t\t\t\t\t\t\t\t\t\t<\/div>\r\n\t\t\t\t\t\t\t\t\t\t\t\t<div class=\"sp-slide\">\r\n\t\t\t\t\t\t\t<img class=\"sp-image\" alt=\"Alpenblick Bergpension\" src=\"https:\/\/berghof-alpenblick.de\/wp-content\/plugins\/ultimate-responsive-image-slider\/assets\/css\/images\/blank.gif\" data-src=\"https:\/\/berghof-alpenblick.de\/wp-content\/uploads\/2021\/01\/IMG_4942.jpg\" \/>\r\n\r\n\t\t\t\t\t\t\t\r\n\t\t\t\t\t\t\t\t\t\t\t\t\t<\/div>\r\n\t\t\t\t\t\t\t\t\t\t\t\t<div class=\"sp-slide\">\r\n\t\t\t\t\t\t\t<img class=\"sp-image\" alt=\"Alpenblick Bergpension\" src=\"https:\/\/berghof-alpenblick.de\/wp-content\/plugins\/ultimate-responsive-image-slider\/assets\/css\/images\/blank.gif\" data-src=\"https:\/\/berghof-alpenblick.de\/wp-content\/uploads\/2021\/01\/IMG_3396.jpg\" \/>\r\n\r\n\t\t\t\t\t\t\t\r\n\t\t\t\t\t\t\t\t\t\t\t\t\t<\/div>\r\n\t\t\t\t\t\t\t\t\t\t\t\t<div class=\"sp-slide\">\r\n\t\t\t\t\t\t\t<img class=\"sp-image\" alt=\"Alpenblick Bergpension\" src=\"https:\/\/berghof-alpenblick.de\/wp-content\/plugins\/ultimate-responsive-image-slider\/assets\/css\/images\/blank.gif\" data-src=\"https:\/\/berghof-alpenblick.de\/wp-content\/uploads\/2021\/01\/IMG_3394.jpg\" \/>\r\n\r\n\t\t\t\t\t\t\t\r\n\t\t\t\t\t\t\t\t\t\t\t\t\t<\/div>\r\n\t\t\t\t\t\t\t\t\t\t\t\t<div class=\"sp-slide\">\r\n\t\t\t\t\t\t\t<img class=\"sp-image\" alt=\"Alpenblick Bergpension\" src=\"https:\/\/berghof-alpenblick.de\/wp-content\/plugins\/ultimate-responsive-image-slider\/assets\/css\/images\/blank.gif\" data-src=\"https:\/\/berghof-alpenblick.de\/wp-content\/uploads\/2021\/01\/IMG_3390.jpg\" \/>\r\n\r\n\t\t\t\t\t\t\t\r\n\t\t\t\t\t\t\t\t\t\t\t\t\t<\/div>\r\n\t\t\t\t\t\t\t\t\t\t\t\t<div class=\"sp-slide\">\r\n\t\t\t\t\t\t\t<img class=\"sp-image\" alt=\"Alpenblick Bergpension\" src=\"https:\/\/berghof-alpenblick.de\/wp-content\/plugins\/ultimate-responsive-image-slider\/assets\/css\/images\/blank.gif\" data-src=\"https:\/\/berghof-alpenblick.de\/wp-content\/uploads\/2021\/01\/IMG_3409.jpg\" \/>\r\n\r\n\t\t\t\t\t\t\t\r\n\t\t\t\t\t\t\t\t\t\t\t\t\t<\/div>\r\n\t\t\t\t\t\t\t\t\t\t\t\t<div class=\"sp-slide\">\r\n\t\t\t\t\t\t\t<img class=\"sp-image\" alt=\"Alpenblick Bergpension\" src=\"https:\/\/berghof-alpenblick.de\/wp-content\/plugins\/ultimate-responsive-image-slider\/assets\/css\/images\/blank.gif\" data-src=\"https:\/\/berghof-alpenblick.de\/wp-content\/uploads\/2021\/01\/IMG_3388.jpg\" \/>\r\n\r\n\t\t\t\t\t\t\t\r\n\t\t\t\t\t\t\t\t\t\t\t\t\t<\/div>\r\n\t\t\t\t\t\t\t\t\t\t\t\t<div class=\"sp-slide\">\r\n\t\t\t\t\t\t\t<img class=\"sp-image\" alt=\"Alpenblick Bergpension\" src=\"https:\/\/berghof-alpenblick.de\/wp-content\/plugins\/ultimate-responsive-image-slider\/assets\/css\/images\/blank.gif\" data-src=\"https:\/\/berghof-alpenblick.de\/wp-content\/uploads\/2021\/01\/IMG_3386.jpg\" \/>\r\n\r\n\t\t\t\t\t\t\t\r\n\t\t\t\t\t\t\t\t\t\t\t\t\t<\/div>\r\n\t\t\t\t\t\t\t\t\t<\/div>\r\n\t\t\t\r\n\t\t\t<!---- slides div end ---->\r\n\t\t\t\t\t\t<!-- slides thumbnails div start -->\r\n\t\t\t<div class=\"sp-thumbnails\">\r\n\t\t\t\t\t\t\t\t\t\t<img class=\"sp-thumbnail\" src=\"https:\/\/berghof-alpenblick.de\/wp-content\/plugins\/ultimate-responsive-image-slider\/assets\/img\/loading.gif\" data-src=\"https:\/\/berghof-alpenblick.de\/wp-content\/uploads\/2021\/01\/IMG_4957-200x300.jpg\" alt=\"Alpenblick Bergpension\"\/>\r\n\t\t\t\t\t\t\t\t\t\t\t<img class=\"sp-thumbnail\" src=\"https:\/\/berghof-alpenblick.de\/wp-content\/plugins\/ultimate-responsive-image-slider\/assets\/img\/loading.gif\" data-src=\"https:\/\/berghof-alpenblick.de\/wp-content\/uploads\/2021\/01\/IMG_4944-1-300x200.jpg\" alt=\"Alpenblick Bergpension\"\/>\r\n\t\t\t\t\t\t\t\t\t\t\t<img class=\"sp-thumbnail\" src=\"https:\/\/berghof-alpenblick.de\/wp-content\/plugins\/ultimate-responsive-image-slider\/assets\/img\/loading.gif\" data-src=\"https:\/\/berghof-alpenblick.de\/wp-content\/uploads\/2021\/01\/IMG_4956-300x200.jpg\" alt=\"Alpenblick Bergpension\"\/>\r\n\t\t\t\t\t\t\t\t\t\t\t<img class=\"sp-thumbnail\" src=\"https:\/\/berghof-alpenblick.de\/wp-content\/plugins\/ultimate-responsive-image-slider\/assets\/img\/loading.gif\" data-src=\"https:\/\/berghof-alpenblick.de\/wp-content\/uploads\/2021\/01\/IMG_4949-300x200.jpg\" alt=\"Alpenblick Bergpension\"\/>\r\n\t\t\t\t\t\t\t\t\t\t\t<img class=\"sp-thumbnail\" src=\"https:\/\/berghof-alpenblick.de\/wp-content\/plugins\/ultimate-responsive-image-slider\/assets\/img\/loading.gif\" data-src=\"https:\/\/berghof-alpenblick.de\/wp-content\/uploads\/2021\/01\/IMG_4939-300x200.jpg\" alt=\"Alpenblick Bergpension\"\/>\r\n\t\t\t\t\t\t\t\t\t\t\t<img class=\"sp-thumbnail\" src=\"https:\/\/berghof-alpenblick.de\/wp-content\/plugins\/ultimate-responsive-image-slider\/assets\/img\/loading.gif\" data-src=\"https:\/\/berghof-alpenblick.de\/wp-content\/uploads\/2021\/01\/IMG_4931-200x300.jpg\" alt=\"Alpenblick Bergpension\"\/>\r\n\t\t\t\t\t\t\t\t\t\t\t<img class=\"sp-thumbnail\" src=\"https:\/\/berghof-alpenblick.de\/wp-content\/plugins\/ultimate-responsive-image-slider\/assets\/img\/loading.gif\" data-src=\"https:\/\/berghof-alpenblick.de\/wp-content\/uploads\/2021\/01\/IMG_4937-300x200.jpg\" alt=\"Alpenblick Bergpension\"\/>\r\n\t\t\t\t\t\t\t\t\t\t\t<img class=\"sp-thumbnail\" src=\"https:\/\/berghof-alpenblick.de\/wp-content\/plugins\/ultimate-responsive-image-slider\/assets\/img\/loading.gif\" data-src=\"https:\/\/berghof-alpenblick.de\/wp-content\/uploads\/2021\/01\/IMG_4913-200x300.jpg\" alt=\"Alpenblick Bergpension\"\/>\r\n\t\t\t\t\t\t\t\t\t\t\t<img class=\"sp-thumbnail\" src=\"https:\/\/berghof-alpenblick.de\/wp-content\/plugins\/ultimate-responsive-image-slider\/assets\/img\/loading.gif\" data-src=\"https:\/\/berghof-alpenblick.de\/wp-content\/uploads\/2021\/01\/IMG_4912-200x300.jpg\" alt=\"Alpenblick Bergpension\"\/>\r\n\t\t\t\t\t\t\t\t\t\t\t<img class=\"sp-thumbnail\" src=\"https:\/\/berghof-alpenblick.de\/wp-content\/plugins\/ultimate-responsive-image-slider\/assets\/img\/loading.gif\" data-src=\"https:\/\/berghof-alpenblick.de\/wp-content\/uploads\/2021\/01\/IMG_4907-200x300.jpg\" alt=\"Alpenblick Bergpension\"\/>\r\n\t\t\t\t\t\t\t\t\t\t\t<img class=\"sp-thumbnail\" src=\"https:\/\/berghof-alpenblick.de\/wp-content\/plugins\/ultimate-responsive-image-slider\/assets\/img\/loading.gif\" data-src=\"https:\/\/berghof-alpenblick.de\/wp-content\/uploads\/2021\/01\/IMG_4906-200x300.jpg\" alt=\"Alpenblick Bergpension\"\/>\r\n\t\t\t\t\t\t\t\t\t\t\t<img class=\"sp-thumbnail\" src=\"https:\/\/berghof-alpenblick.de\/wp-content\/plugins\/ultimate-responsive-image-slider\/assets\/img\/loading.gif\" data-src=\"https:\/\/berghof-alpenblick.de\/wp-content\/uploads\/2021\/01\/IMG_4904-200x300.jpg\" alt=\"Alpenblick Bergpension\"\/>\r\n\t\t\t\t\t\t\t\t\t\t\t<img class=\"sp-thumbnail\" src=\"https:\/\/berghof-alpenblick.de\/wp-content\/plugins\/ultimate-responsive-image-slider\/assets\/img\/loading.gif\" data-src=\"https:\/\/berghof-alpenblick.de\/wp-content\/uploads\/2021\/01\/IMG_4898-200x300.jpg\" alt=\"Alpenblick Bergpension\"\/>\r\n\t\t\t\t\t\t\t\t\t\t\t<img class=\"sp-thumbnail\" src=\"https:\/\/berghof-alpenblick.de\/wp-content\/plugins\/ultimate-responsive-image-slider\/assets\/img\/loading.gif\" data-src=\"https:\/\/berghof-alpenblick.de\/wp-content\/uploads\/2021\/01\/IMG_4896-200x300.jpg\" alt=\"Alpenblick Bergpension\"\/>\r\n\t\t\t\t\t\t\t\t\t\t\t<img class=\"sp-thumbnail\" src=\"https:\/\/berghof-alpenblick.de\/wp-content\/plugins\/ultimate-responsive-image-slider\/assets\/img\/loading.gif\" data-src=\"https:\/\/berghof-alpenblick.de\/wp-content\/uploads\/2021\/01\/IMG_3407-200x300.jpg\" alt=\"Alpenblick Bergpension\"\/>\r\n\t\t\t\t\t\t\t\t\t\t\t<img class=\"sp-thumbnail\" src=\"https:\/\/berghof-alpenblick.de\/wp-content\/plugins\/ultimate-responsive-image-slider\/assets\/img\/loading.gif\" data-src=\"https:\/\/berghof-alpenblick.de\/wp-content\/uploads\/2021\/01\/IMG_3405-200x300.jpg\" alt=\"Alpenblick Bergpension\"\/>\r\n\t\t\t\t\t\t\t\t\t\t\t<img class=\"sp-thumbnail\" src=\"https:\/\/berghof-alpenblick.de\/wp-content\/plugins\/ultimate-responsive-image-slider\/assets\/img\/loading.gif\" data-src=\"https:\/\/berghof-alpenblick.de\/wp-content\/uploads\/2021\/01\/IMG_4941-200x300.jpg\" alt=\"Alpenblick Bergpension\"\/>\r\n\t\t\t\t\t\t\t\t\t\t\t<img class=\"sp-thumbnail\" src=\"https:\/\/berghof-alpenblick.de\/wp-content\/plugins\/ultimate-responsive-image-slider\/assets\/img\/loading.gif\" data-src=\"https:\/\/berghof-alpenblick.de\/wp-content\/uploads\/2021\/01\/IMG_3397-200x300.jpg\" alt=\"Alpenblick Bergpension\"\/>\r\n\t\t\t\t\t\t\t\t\t\t\t<img class=\"sp-thumbnail\" src=\"https:\/\/berghof-alpenblick.de\/wp-content\/plugins\/ultimate-responsive-image-slider\/assets\/img\/loading.gif\" data-src=\"https:\/\/berghof-alpenblick.de\/wp-content\/uploads\/2021\/01\/IMG_4942-300x200.jpg\" alt=\"Alpenblick Bergpension\"\/>\r\n\t\t\t\t\t\t\t\t\t\t\t<img class=\"sp-thumbnail\" src=\"https:\/\/berghof-alpenblick.de\/wp-content\/plugins\/ultimate-responsive-image-slider\/assets\/img\/loading.gif\" data-src=\"https:\/\/berghof-alpenblick.de\/wp-content\/uploads\/2021\/01\/IMG_3396-200x300.jpg\" alt=\"Alpenblick Bergpension\"\/>\r\n\t\t\t\t\t\t\t\t\t\t\t<img class=\"sp-thumbnail\" src=\"https:\/\/berghof-alpenblick.de\/wp-content\/plugins\/ultimate-responsive-image-slider\/assets\/img\/loading.gif\" data-src=\"https:\/\/berghof-alpenblick.de\/wp-content\/uploads\/2021\/01\/IMG_3394-300x200.jpg\" alt=\"Alpenblick Bergpension\"\/>\r\n\t\t\t\t\t\t\t\t\t\t\t<img class=\"sp-thumbnail\" src=\"https:\/\/berghof-alpenblick.de\/wp-content\/plugins\/ultimate-responsive-image-slider\/assets\/img\/loading.gif\" data-src=\"https:\/\/berghof-alpenblick.de\/wp-content\/uploads\/2021\/01\/IMG_3390-300x200.jpg\" alt=\"Alpenblick Bergpension\"\/>\r\n\t\t\t\t\t\t\t\t\t\t\t<img class=\"sp-thumbnail\" src=\"https:\/\/berghof-alpenblick.de\/wp-content\/plugins\/ultimate-responsive-image-slider\/assets\/img\/loading.gif\" data-src=\"https:\/\/berghof-alpenblick.de\/wp-content\/uploads\/2021\/01\/IMG_3409-200x300.jpg\" alt=\"Alpenblick Bergpension\"\/>\r\n\t\t\t\t\t\t\t\t\t\t\t<img class=\"sp-thumbnail\" src=\"https:\/\/berghof-alpenblick.de\/wp-content\/plugins\/ultimate-responsive-image-slider\/assets\/img\/loading.gif\" data-src=\"https:\/\/berghof-alpenblick.de\/wp-content\/uploads\/2021\/01\/IMG_3388-200x300.jpg\" alt=\"Alpenblick Bergpension\"\/>\r\n\t\t\t\t\t\t\t\t\t\t\t<img class=\"sp-thumbnail\" src=\"https:\/\/berghof-alpenblick.de\/wp-content\/plugins\/ultimate-responsive-image-slider\/assets\/img\/loading.gif\" data-src=\"https:\/\/berghof-alpenblick.de\/wp-content\/uploads\/2021\/01\/IMG_3386-200x300.jpg\" alt=\"Alpenblick Bergpension\"\/>\r\n\t\t\t\t\t\t\t\t<\/div>\r\n\t\t\t\t\t\t<!-- slides thumbnails div end -->\r\n\t\t<\/div>\r\n\n","protected":false},"excerpt":{"rendered":"<p>Unsere G\u00e4stezimmer sind alle gem\u00fctlich und komfortabel eingerichtet. Sie verf\u00fcgen \u00fcber Dusche und WC&nbsp;und fast alle haben einen Balkon. Unsere&hellip;<\/p>\n","protected":false},"author":1,"featured_media":0,"parent":0,"menu_order":0,"comment_status":"closed","ping_status":"closed","template":"","meta":[],"_links":{"self":[{"href":"https:\/\/berghof-alpenblick.de\/index.php?rest_route=\/wp\/v2\/pages\/26"}],"collection":[{"href":"https:\/\/berghof-alpenblick.de\/index.php?rest_route=\/wp\/v2\/pages"}],"about":[{"href":"https:\/\/berghof-alpenblick.de\/index.php?rest_route=\/wp\/v2\/types\/page"}],"author":[{"embeddable":true,"href":"https:\/\/berghof-alpenblick.de\/index.php?rest_route=\/wp\/v2\/users\/1"}],"replies":[{"embeddable":true,"href":"https:\/\/berghof-alpenblick.de\/index.php?rest_route=%2Fwp%2Fv2%2Fcomments&post=26"}],"version-history":[{"count":39,"href":"https:\/\/berghof-alpenblick.de\/index.php?rest_route=\/wp\/v2\/pages\/26\/revisions"}],"predecessor-version":[{"id":1089,"href":"https:\/\/berghof-alpenblick.de\/index.php?rest_route=\/wp\/v2\/pages\/26\/revisions\/1089"}],"wp:attachment":[{"href":"https:\/\/berghof-alpenblick.de\/index.php?rest_route=%2Fwp%2Fv2%2Fmedia&parent=26"}],"curies":[{"name":"wp","href":"https:\/\/api.w.org\/{rel}","templated":true}]}}