{"id":23,"date":"2021-01-25T19:28:15","date_gmt":"2021-01-25T19:28:15","guid":{"rendered":"http:\/\/tbmontage.de\/?page_id=23"},"modified":"2022-09-22T12:36:06","modified_gmt":"2022-09-22T12:36:06","slug":"gastronomie","status":"publish","type":"page","link":"https:\/\/berghof-alpenblick.de\/?page_id=23","title":{"rendered":"Gastronomie"},"content":{"rendered":"\n<p class=\"has-medium-font-size\"><strong>Nachdem wir unseren Traum von einem Wintergarten erf\u00fcllt haben,&nbsp; bietet Ihnen unser gem\u00fctliche Gaststube, auch&nbsp; bei schlechtem Wetter oder im Winter, ein gem\u00fctliches Pl\u00e4tzchen mit einer traumhaften Aussicht auf die Allg\u00e4uer Berge.<\/strong><\/p>\n\n\n\n<p class=\"has-medium-font-size\"><strong>Im Sommer k\u00f6nnen Sie Platz nehmen auf unserer gro\u00dfen, sonnigen S\u00fcdterrasse. Lassen die Seele baumeln. Ein erfrischendes Getr\u00e4nk, eine herzhafte Brotzeit oder Kaffee und hausgemachter Kuchen &#8211;&nbsp; es ist f\u00fcr jeden Appetit und Geschmack etwas&nbsp; dabei, auch f\u00fcr den gro\u00dfen Hunger.<\/strong><\/p>\n\n\n\n<p class=\"has-medium-font-size\"><strong>Unsere gutb\u00fcrgerliche K\u00fcche h\u00e4lt f\u00fcr Sie eine abwechslungsreiche Auswahl aus eigenem Betrieb und der Region bereit.<\/strong><\/p>\n\n\n\n<p class=\"has-medium-font-size\"><strong>Ihre Kinder sind auf dem hauseigenen Spielplatz gut aufgehoben.<\/strong><\/p>\n\n\n\n<p class=\"has-medium-font-size\"><strong>Biker sind bei uns herzlich willkommen.<\/strong><\/p>\n\n\n\n<p class=\"has-medium-font-size\"><strong>Regelm\u00e4\u00dfige Veranstaltungen, die wir rechtzeitig bekannt geben.<\/strong><\/p>\n\n\n\n<p><\/p>\n\n\n\n<p class=\"has-text-align-center has-medium-font-size\"><strong>Dienstag &amp; Mittwoch Ruhetag<\/strong><\/p>\n\n\n\n<script type=\"text\/javascript\">\r\ndocument.addEventListener(\"DOMContentLoaded\", function(event) { \r\n\tjQuery( '#slider-pro-3-267' ).sliderPro({\r\n\t\t\/\/width\r\n\t\t\t\twidth: 1000,\r\n\t\t\t\t\r\n\t\t\/\/height\r\n\t\t\t\theight: 500,\r\n\t\t\t\t\r\n\t\t\/\/autoplay\r\n\t\t\t\tautoplay:  true,\r\n\t\tautoplayOnHover: 'none',\r\n\t\t\t\t\t\t\t\tautoplayDelay: 5000,\r\n\t\t\r\n\t\t\r\n\t\tarrows: true,\r\n\t\tbuttons: true,\r\n\t\tsmallSize: 500,\r\n\t\tmediumSize: 1000,\r\n\t\tlargeSize: 3000,\r\n\t\tfade: true,\r\n\t\t\r\n\t\t\/\/thumbnail\r\n\t\tthumbnailArrows: true,\r\n\t\tthumbnailWidth: 120,\r\n\t\tthumbnailHeight: 120,\r\n\t\t\t\t\t\tthumbnailsPosition: 'bottom',\r\n\t\t\t\t\t\tcenterImage: true,\r\n\t\timageScaleMode: 'cover',\r\n\t\tallowScaleUp: true,\r\n\t\t\t\tstartSlide: 0,\r\n\t\tloop: true,\r\n\t\tslideDistance: 5,\r\n\t\tautoplayDirection: 'normal',\r\n\t\ttouchSwipe: true,\r\n\t\tfullScreen: true,\r\n\t});\r\n});\r\n<\/script>\r\n<style>\r\n\/* Layout 3 *\/\r\n\/* border *\/\r\n#slider-pro-3-267 .sp-selected-thumbnail {\r\n\tborder: 4px solid #000000;\r\n}\r\n\r\n\/* font + color *\/\r\n.title-in  {\r\n\tfont-family: Arial !important;\r\n\tcolor: #FFFFFF !important;\r\n\tbackground-color: #000000 !important;\r\n\topacity: 0.7 !important;\r\n}\r\n.desc-in  {\r\n\tfont-family: Arial !important;\r\n\tcolor: #FFFFFF !important;\r\n\tbackground-color: #00000 !important;\r\n\topacity: 0.7 !important;\r\n}\r\n\r\n\/* bullets color *\/\r\n.sp-button  {\r\n\tborder: 2px solid #000000 !important;\r\n}\r\n.sp-selected-button  {\r\n\tbackground-color: #000000 !important;\r\n}\r\n\r\n\/* pointer color - bottom *\/\r\n.sp-selected-thumbnail::before {\r\n\tborder-bottom: 5px solid #000000 !important;\r\n}\r\n.sp-selected-thumbnail::after {\r\n\tborder-bottom: 13px solid #000000 !important;\r\n}\r\n\r\n\/* pointer color - top *\/\r\n\r\n\/* full screen icon *\/\r\n.sp-full-screen-button::before {\r\n    color: #FFFFFF !important;\r\n}\r\n\r\n\/* hover navigation icon color *\/\r\n.sp-next-arrow::after, .sp-next-arrow::before {\r\n\tbackground-color: #FFFFFF !important;\r\n}\r\n.sp-previous-arrow::after, .sp-previous-arrow::before {\r\n\tbackground-color: #FFFFFF !important;\r\n}\r\n\r\n#slider-pro-3-267 .title-in {\r\n\tcolor: #FFFFFF !important;\r\n\tfont-weight: bolder;\r\n\ttext-align: center;\r\n}\r\n\r\n#slider-pro-3-267 .title-in-bg {\r\n\tbackground: rgba(255, 255, 255, 0.7); !important;\r\n\twhite-space: unset !important;\r\n\tmax-width: 90%;\r\n\tmin-width: 40%;\r\n\ttransform: initial !important;\r\n\t-webkit-transform: initial !important;\r\n\tfont-size: 14px !important;\r\n}\r\n\r\n#slider-pro-3-267 .desc-in {\r\n\tcolor: #FFFFFF !important;\r\n\ttext-align: center;\r\n}\r\n#slider-pro-3-267 .desc-in-bg {\r\n\tbackground: rgba(#00000, 0.7) !important;\r\n\twhite-space: unset !important;\r\n\twidth: 80% !important;\r\n\tmin-width: 30%;\r\n\ttransform: initial !important;\r\n\t-webkit-transform: initial !important;\r\n\tfont-size: 13px !important;\r\n}\r\n\r\n@media (max-width: 640px) {\r\n\t#slider-pro-3-267 .hide-small-screen {\r\n\t\tdisplay: none;\r\n\t}\r\n}\r\n\r\n@media (max-width: 860px) {\r\n\t#slider-pro-3-267 .sp-layer {\r\n\t\tfont-size: 18px;\r\n\t}\r\n\t\r\n\t#slider-pro-3-267 .hide-medium-screen {\r\n\t\tdisplay: none;\r\n\t}\r\n}\r\n.slides-not-found {\r\n\tbackground-color: #a92929;\r\n\tborder-radius: 5px;\r\n\tcolor: #fff;\r\n\tfont-family: initial;\r\n\ttext-align: center;\r\n\tpadding:12px;\r\n}\r\n\/* Custom CSS *\/\r\n<\/style>\r\n<h3 class=\"uris-slider-post-title\">Gastronomie<\/h3>\r\n\t\t<div id=\"slider-pro-3-267\" class=\"slider-pro\">\r\n\t\t\t<!---- slides div start ---->\r\n\t\t\t<div class=\"sp-slides\">\r\n\t\t\t\t\t\t\t\t\t\t<div class=\"sp-slide\">\r\n\t\t\t\t\t\t\t<img class=\"sp-image\" alt=\"Alpenblick Bergpension\" src=\"https:\/\/berghof-alpenblick.de\/wp-content\/plugins\/ultimate-responsive-image-slider\/assets\/css\/images\/blank.gif\" data-src=\"https:\/\/berghof-alpenblick.de\/wp-content\/uploads\/2021\/01\/IMG_3409.jpg\" \/>\r\n\r\n\t\t\t\t\t\t\t\r\n\t\t\t\t\t\t\t\t\t\t\t\t\t<\/div>\r\n\t\t\t\t\t\t\t\t\t\t\t\t<div class=\"sp-slide\">\r\n\t\t\t\t\t\t\t<img class=\"sp-image\" alt=\"Alpenblick Bergpension\" src=\"https:\/\/berghof-alpenblick.de\/wp-content\/plugins\/ultimate-responsive-image-slider\/assets\/css\/images\/blank.gif\" data-src=\"https:\/\/berghof-alpenblick.de\/wp-content\/uploads\/2021\/01\/IMG_3375.jpg\" \/>\r\n\r\n\t\t\t\t\t\t\t\r\n\t\t\t\t\t\t\t\t\t\t\t\t\t<\/div>\r\n\t\t\t\t\t\t\t\t\t\t\t\t<div class=\"sp-slide\">\r\n\t\t\t\t\t\t\t<img class=\"sp-image\" alt=\"Alpenblick Bergpension\" src=\"https:\/\/berghof-alpenblick.de\/wp-content\/plugins\/ultimate-responsive-image-slider\/assets\/css\/images\/blank.gif\" data-src=\"https:\/\/berghof-alpenblick.de\/wp-content\/uploads\/2021\/01\/IMG_3366.jpg\" \/>\r\n\r\n\t\t\t\t\t\t\t\r\n\t\t\t\t\t\t\t\t\t\t\t\t\t<\/div>\r\n\t\t\t\t\t\t\t\t\t\t\t\t<div class=\"sp-slide\">\r\n\t\t\t\t\t\t\t<img class=\"sp-image\" alt=\"Alpenblick Bergpension\" src=\"https:\/\/berghof-alpenblick.de\/wp-content\/plugins\/ultimate-responsive-image-slider\/assets\/css\/images\/blank.gif\" data-src=\"https:\/\/berghof-alpenblick.de\/wp-content\/uploads\/2021\/01\/IMG_3376.jpg\" \/>\r\n\r\n\t\t\t\t\t\t\t\r\n\t\t\t\t\t\t\t\t\t\t\t\t\t<\/div>\r\n\t\t\t\t\t\t\t\t\t\t\t\t<div class=\"sp-slide\">\r\n\t\t\t\t\t\t\t<img class=\"sp-image\" alt=\"Alpenblick Bergpension\" src=\"https:\/\/berghof-alpenblick.de\/wp-content\/plugins\/ultimate-responsive-image-slider\/assets\/css\/images\/blank.gif\" data-src=\"https:\/\/berghof-alpenblick.de\/wp-content\/uploads\/2021\/01\/IMG_3382.jpg\" \/>\r\n\r\n\t\t\t\t\t\t\t\r\n\t\t\t\t\t\t\t\t\t\t\t\t\t<\/div>\r\n\t\t\t\t\t\t\t\t\t\t\t\t<div class=\"sp-slide\">\r\n\t\t\t\t\t\t\t<img class=\"sp-image\" alt=\"Alpenblick Bergpension\" src=\"https:\/\/berghof-alpenblick.de\/wp-content\/plugins\/ultimate-responsive-image-slider\/assets\/css\/images\/blank.gif\" data-src=\"https:\/\/berghof-alpenblick.de\/wp-content\/uploads\/2021\/01\/IMG_3379.jpg\" \/>\r\n\r\n\t\t\t\t\t\t\t\r\n\t\t\t\t\t\t\t\t\t\t\t\t\t<\/div>\r\n\t\t\t\t\t\t\t\t\t\t\t\t<div class=\"sp-slide\">\r\n\t\t\t\t\t\t\t<img class=\"sp-image\" alt=\"Alpenblick Bergpension\" src=\"https:\/\/berghof-alpenblick.de\/wp-content\/plugins\/ultimate-responsive-image-slider\/assets\/css\/images\/blank.gif\" data-src=\"https:\/\/berghof-alpenblick.de\/wp-content\/uploads\/2021\/01\/IMG_3364.jpg\" \/>\r\n\r\n\t\t\t\t\t\t\t\r\n\t\t\t\t\t\t\t\t\t\t\t\t\t<\/div>\r\n\t\t\t\t\t\t\t\t\t\t\t\t<div class=\"sp-slide\">\r\n\t\t\t\t\t\t\t<img class=\"sp-image\" alt=\"Alpenblick Bergpension\" src=\"https:\/\/berghof-alpenblick.de\/wp-content\/plugins\/ultimate-responsive-image-slider\/assets\/css\/images\/blank.gif\" data-src=\"https:\/\/berghof-alpenblick.de\/wp-content\/uploads\/2021\/01\/IMG_4885-1.jpg\" \/>\r\n\r\n\t\t\t\t\t\t\t\r\n\t\t\t\t\t\t\t\t\t\t\t\t\t<\/div>\r\n\t\t\t\t\t\t\t\t\t\t\t\t<div class=\"sp-slide\">\r\n\t\t\t\t\t\t\t<img class=\"sp-image\" alt=\"Alpenblick Bergpension\" src=\"https:\/\/berghof-alpenblick.de\/wp-content\/plugins\/ultimate-responsive-image-slider\/assets\/css\/images\/blank.gif\" data-src=\"https:\/\/berghof-alpenblick.de\/wp-content\/uploads\/2021\/01\/IMG_4876.jpg\" \/>\r\n\r\n\t\t\t\t\t\t\t\r\n\t\t\t\t\t\t\t\t\t\t\t\t\t<\/div>\r\n\t\t\t\t\t\t\t\t\t\t\t\t<div class=\"sp-slide\">\r\n\t\t\t\t\t\t\t<img class=\"sp-image\" alt=\"Alpenblick Bergpension\" src=\"https:\/\/berghof-alpenblick.de\/wp-content\/plugins\/ultimate-responsive-image-slider\/assets\/css\/images\/blank.gif\" data-src=\"https:\/\/berghof-alpenblick.de\/wp-content\/uploads\/2021\/01\/IMG_4959.jpg\" \/>\r\n\r\n\t\t\t\t\t\t\t\r\n\t\t\t\t\t\t\t\t\t\t\t\t\t<\/div>\r\n\t\t\t\t\t\t\t\t\t<\/div>\r\n\t\t\t\r\n\t\t\t<!---- slides div end ---->\r\n\t\t\t\t\t\t<!-- slides thumbnails div start -->\r\n\t\t\t<div class=\"sp-thumbnails\">\r\n\t\t\t\t\t\t\t\t\t\t<img class=\"sp-thumbnail\" src=\"https:\/\/berghof-alpenblick.de\/wp-content\/plugins\/ultimate-responsive-image-slider\/assets\/img\/loading.gif\" data-src=\"https:\/\/berghof-alpenblick.de\/wp-content\/uploads\/2021\/01\/IMG_3409-200x300.jpg\" alt=\"Alpenblick Bergpension\"\/>\r\n\t\t\t\t\t\t\t\t\t\t\t<img class=\"sp-thumbnail\" src=\"https:\/\/berghof-alpenblick.de\/wp-content\/plugins\/ultimate-responsive-image-slider\/assets\/img\/loading.gif\" data-src=\"https:\/\/berghof-alpenblick.de\/wp-content\/uploads\/2021\/01\/IMG_3375-200x300.jpg\" alt=\"Alpenblick Bergpension\"\/>\r\n\t\t\t\t\t\t\t\t\t\t\t<img class=\"sp-thumbnail\" src=\"https:\/\/berghof-alpenblick.de\/wp-content\/plugins\/ultimate-responsive-image-slider\/assets\/img\/loading.gif\" data-src=\"https:\/\/berghof-alpenblick.de\/wp-content\/uploads\/2021\/01\/IMG_3366-200x300.jpg\" alt=\"Alpenblick Bergpension\"\/>\r\n\t\t\t\t\t\t\t\t\t\t\t<img class=\"sp-thumbnail\" src=\"https:\/\/berghof-alpenblick.de\/wp-content\/plugins\/ultimate-responsive-image-slider\/assets\/img\/loading.gif\" data-src=\"https:\/\/berghof-alpenblick.de\/wp-content\/uploads\/2021\/01\/IMG_3376-200x300.jpg\" alt=\"Alpenblick Bergpension\"\/>\r\n\t\t\t\t\t\t\t\t\t\t\t<img class=\"sp-thumbnail\" src=\"https:\/\/berghof-alpenblick.de\/wp-content\/plugins\/ultimate-responsive-image-slider\/assets\/img\/loading.gif\" data-src=\"https:\/\/berghof-alpenblick.de\/wp-content\/uploads\/2021\/01\/IMG_3382-200x300.jpg\" alt=\"Alpenblick Bergpension\"\/>\r\n\t\t\t\t\t\t\t\t\t\t\t<img class=\"sp-thumbnail\" src=\"https:\/\/berghof-alpenblick.de\/wp-content\/plugins\/ultimate-responsive-image-slider\/assets\/img\/loading.gif\" data-src=\"https:\/\/berghof-alpenblick.de\/wp-content\/uploads\/2021\/01\/IMG_3379-300x200.jpg\" alt=\"Alpenblick Bergpension\"\/>\r\n\t\t\t\t\t\t\t\t\t\t\t<img class=\"sp-thumbnail\" src=\"https:\/\/berghof-alpenblick.de\/wp-content\/plugins\/ultimate-responsive-image-slider\/assets\/img\/loading.gif\" data-src=\"https:\/\/berghof-alpenblick.de\/wp-content\/uploads\/2021\/01\/IMG_3364-200x300.jpg\" alt=\"Alpenblick Bergpension\"\/>\r\n\t\t\t\t\t\t\t\t\t\t\t<img class=\"sp-thumbnail\" src=\"https:\/\/berghof-alpenblick.de\/wp-content\/plugins\/ultimate-responsive-image-slider\/assets\/img\/loading.gif\" data-src=\"https:\/\/berghof-alpenblick.de\/wp-content\/uploads\/2021\/01\/IMG_4885-1-300x200.jpg\" alt=\"Alpenblick Bergpension\"\/>\r\n\t\t\t\t\t\t\t\t\t\t\t<img class=\"sp-thumbnail\" src=\"https:\/\/berghof-alpenblick.de\/wp-content\/plugins\/ultimate-responsive-image-slider\/assets\/img\/loading.gif\" data-src=\"https:\/\/berghof-alpenblick.de\/wp-content\/uploads\/2021\/01\/IMG_4876-300x200.jpg\" alt=\"Alpenblick Bergpension\"\/>\r\n\t\t\t\t\t\t\t\t\t\t\t<img class=\"sp-thumbnail\" src=\"https:\/\/berghof-alpenblick.de\/wp-content\/plugins\/ultimate-responsive-image-slider\/assets\/img\/loading.gif\" data-src=\"https:\/\/berghof-alpenblick.de\/wp-content\/uploads\/2021\/01\/IMG_4959-300x200.jpg\" alt=\"Alpenblick Bergpension\"\/>\r\n\t\t\t\t\t\t\t\t<\/div>\r\n\t\t\t\t\t\t<!-- slides thumbnails div end -->\r\n\t\t<\/div>\r\n\n","protected":false},"excerpt":{"rendered":"<p>Nachdem wir unseren Traum von einem Wintergarten erf\u00fcllt haben,&nbsp; bietet Ihnen unser gem\u00fctliche Gaststube, auch&nbsp; bei schlechtem Wetter oder im&hellip;<\/p>\n","protected":false},"author":1,"featured_media":0,"parent":0,"menu_order":0,"comment_status":"closed","ping_status":"closed","template":"","meta":[],"_links":{"self":[{"href":"https:\/\/berghof-alpenblick.de\/index.php?rest_route=\/wp\/v2\/pages\/23"}],"collection":[{"href":"https:\/\/berghof-alpenblick.de\/index.php?rest_route=\/wp\/v2\/pages"}],"about":[{"href":"https:\/\/berghof-alpenblick.de\/index.php?rest_route=\/wp\/v2\/types\/page"}],"author":[{"embeddable":true,"href":"https:\/\/berghof-alpenblick.de\/index.php?rest_route=\/wp\/v2\/users\/1"}],"replies":[{"embeddable":true,"href":"https:\/\/berghof-alpenblick.de\/index.php?rest_route=%2Fwp%2Fv2%2Fcomments&post=23"}],"version-history":[{"count":3,"href":"https:\/\/berghof-alpenblick.de\/index.php?rest_route=\/wp\/v2\/pages\/23\/revisions"}],"predecessor-version":[{"id":779,"href":"https:\/\/berghof-alpenblick.de\/index.php?rest_route=\/wp\/v2\/pages\/23\/revisions\/779"}],"wp:attachment":[{"href":"https:\/\/berghof-alpenblick.de\/index.php?rest_route=%2Fwp%2Fv2%2Fmedia&parent=23"}],"curies":[{"name":"wp","href":"https:\/\/api.w.org\/{rel}","templated":true}]}}