{"id":136,"date":"2021-01-25T20:12:12","date_gmt":"2021-01-25T20:12:12","guid":{"rendered":"http:\/\/tbmontage.de\/?page_id=136"},"modified":"2022-04-23T09:36:30","modified_gmt":"2022-04-23T09:36:30","slug":"ueber-uns","status":"publish","type":"page","link":"https:\/\/berghof-alpenblick.de\/?page_id=136","title":{"rendered":"\u00dcber uns"},"content":{"rendered":"\n<p class=\"has-medium-font-size\"><strong> Wir, die Familie Kling-W\u00fcst bewirtschaften jetzt in der 3. Generation den Berghof Alpenblick. Es macht uns Freude G\u00e4ste zu beherbergen und zu bewirten. St\u00e4ndig erneuern und modernisieren wir f\u00fcr Ihren Komfort und ein unvergessliches Urlaubs- oder Ausflugserlebnis. <\/strong><\/p>\n\n\n\n<figure class=\"wp-block-image size-large is-style-default\"><img loading=\"lazy\" width=\"1024\" height=\"683\" src=\"https:\/\/berghof-alpenblick.de\/wp-content\/uploads\/2021\/08\/IMG_4861-1024x683.jpg\" alt=\"\" class=\"wp-image-604\" srcset=\"https:\/\/berghof-alpenblick.de\/wp-content\/uploads\/2021\/08\/IMG_4861-1024x683.jpg 1024w, https:\/\/berghof-alpenblick.de\/wp-content\/uploads\/2021\/08\/IMG_4861-300x200.jpg 300w, https:\/\/berghof-alpenblick.de\/wp-content\/uploads\/2021\/08\/IMG_4861-768x512.jpg 768w, https:\/\/berghof-alpenblick.de\/wp-content\/uploads\/2021\/08\/IMG_4861-1536x1024.jpg 1536w, https:\/\/berghof-alpenblick.de\/wp-content\/uploads\/2021\/08\/IMG_4861.jpg 1600w\" sizes=\"(max-width: 1024px) 100vw, 1024px\" \/><\/figure>\n\n\n\n<p><strong>Ihre Familie Kling-W\u00fcst<\/strong><\/p>\n\n\n\n<p><\/p>\n\n\n\n<p class=\"has-text-align-center has-medium-font-size\"><strong>Dienstag&amp;Mittwoch Ruhetag<\/strong><\/p>\n","protected":false},"excerpt":{"rendered":"<p>Wir, die Familie Kling-W\u00fcst bewirtschaften jetzt in der 3. Generation den Berghof Alpenblick. Es macht uns Freude G\u00e4ste zu beherbergen&hellip;<\/p>\n","protected":false},"author":1,"featured_media":0,"parent":0,"menu_order":0,"comment_status":"closed","ping_status":"closed","template":"","meta":[],"_links":{"self":[{"href":"https:\/\/berghof-alpenblick.de\/index.php?rest_route=\/wp\/v2\/pages\/136"}],"collection":[{"href":"https:\/\/berghof-alpenblick.de\/index.php?rest_route=\/wp\/v2\/pages"}],"about":[{"href":"https:\/\/berghof-alpenblick.de\/index.php?rest_route=\/wp\/v2\/types\/page"}],"author":[{"embeddable":true,"href":"https:\/\/berghof-alpenblick.de\/index.php?rest_route=\/wp\/v2\/users\/1"}],"replies":[{"embeddable":true,"href":"https:\/\/berghof-alpenblick.de\/index.php?rest_route=%2Fwp%2Fv2%2Fcomments&post=136"}],"version-history":[{"count":5,"href":"https:\/\/berghof-alpenblick.de\/index.php?rest_route=\/wp\/v2\/pages\/136\/revisions"}],"predecessor-version":[{"id":711,"href":"https:\/\/berghof-alpenblick.de\/index.php?rest_route=\/wp\/v2\/pages\/136\/revisions\/711"}],"wp:attachment":[{"href":"https:\/\/berghof-alpenblick.de\/index.php?rest_route=%2Fwp%2Fv2%2Fmedia&parent=136"}],"curies":[{"name":"wp","href":"https:\/\/api.w.org\/{rel}","templated":true}]}}